{"id":8,"date":"2018-12-05T19:29:10","date_gmt":"2018-12-05T19:29:10","guid":{"rendered":"http:\/\/dev.eventos.cmm.uchile.cl\/analisisvariacional2019\/?page_id=8"},"modified":"2019-01-05T19:16:37","modified_gmt":"2019-01-05T22:16:37","slug":"mes-tematico-en-analisis-variacional-y-teoria-de-juegos","status":"publish","type":"page","link":"https:\/\/dev.eventos.cmm.uchile.cl\/analisisvariacional2019\/","title":{"rendered":"Mes tem\u00e1tico"},"content":{"rendered":"<div class=\"\">Durante este mes de Enero del 2019 pretendemos crear un ambiente propicio para el intercambio de ideas en torno las tem\u00e1ticas de <strong>an\u00e1lisis variacional<\/strong> y <strong>teor\u00eda de juegos<\/strong>. Para esto, y aprovechando estad\u00edas en Chile de varios invitados de renombre en estas \u00e1reas, hemos propuesto una serie de seminarios y actividades durante todo el mes, que se realizar\u00e1n tanto en el Centro de Modelamiento Matem\u00e1tico (UCH &#8211; CNRS) como en la Universidad de O\u2019Higgins. Espec\u00edficamente,\u00a0 los seminarios se realizar\u00e1n en la Universidad de Chile \u2013 en la\u00a0<strong>B08, piso -1, del Campus Beauchef 851 (FCFM)<\/strong>, y en la <a href=\"http:\/\/dev.eventos.cmm.uchile.cl\/analisisvariacional2019\/ubicacion\/#uoh\">Universidad de O\u2019Higgins<\/a>, en Rancagua.<\/div>\r\n<h3>Comit\u00e9 organizador:<\/h3>\r\n<div class=\"\">\r\n<ul>\r\n<li>H\u00e9ctor Ram\u00edrez (Universidad de Chile &#8211; Chair)<\/li>\r\n<li>Mario Bravo (Universidad de Santiago)<\/li>\r\n<li>Luis Brice\u00f1o (Universidad T\u00e9cnica Federico Santa Mar\u00eda)<\/li>\r\n<li>Salvador Flores (Universidad de Chile)<\/li>\r\n<li>Emilio Vilches (Universidad de O&#8217;Higgins)<\/li>\r\n<\/ul>\r\n<\/div>\r\n<div>Esta actividad se enmarca en las celebraciones de los 80 a\u00f1os del CNRS. Para revisar otras iniciativas del CMM relacionadas visitar la p\u00e1gina:<br \/><a class=\"\" href=\"http:\/\/www.cmm.uchile.cl\/?page_id=35475\">http:\/\/www.cmm.uchile.cl\/?page_id=35475<\/a><\/div>\r\n<div>\u00a0<\/div>\r\n<div><a href=\"http:\/\/www.cmm.uchile.cl\/?page_id=35475\" target=\"_blank\" rel=\"nofollow noopener\"><img loading=\"lazy\" decoding=\"async\" class=\"aligncenter wp-image-44 size-medium\" src=\"http:\/\/dev.eventos.cmm.uchile.cl\/analisisvariacional2019\/wp-content\/uploads\/sites\/73\/2018\/12\/cnrs_logo80ans_or_01-300x212.jpg\" alt=\"\" width=\"300\" height=\"212\" srcset=\"https:\/\/dev.eventos.cmm.uchile.cl\/analisisvariacional2019\/wp-content\/uploads\/sites\/73\/2018\/12\/cnrs_logo80ans_or_01-300x212.jpg 300w, https:\/\/dev.eventos.cmm.uchile.cl\/analisisvariacional2019\/wp-content\/uploads\/sites\/73\/2018\/12\/cnrs_logo80ans_or_01.jpg 550w\" sizes=\"auto, (max-width: 300px) 100vw, 300px\" \/><\/a><\/div>\r\n<div>\u00a0<\/div>\r\n\r\n<h3 class=\"wp-block-heading\">Organizadores<\/h3>\r\n\r\n\r\n\r\n<figure class=\"wp-block-image\"><img loading=\"lazy\" decoding=\"async\" width=\"604\" height=\"164\" class=\"wp-image-37\" src=\"http:\/\/dev.eventos.cmm.uchile.cl\/analisisvariacional2019\/wp-content\/uploads\/sites\/73\/2018\/12\/av2019_organizadores.png\" alt=\"CMM, UOH, U Santa Maria, USACH\" srcset=\"https:\/\/dev.eventos.cmm.uchile.cl\/analisisvariacional2019\/wp-content\/uploads\/sites\/73\/2018\/12\/av2019_organizadores.png 604w, https:\/\/dev.eventos.cmm.uchile.cl\/analisisvariacional2019\/wp-content\/uploads\/sites\/73\/2018\/12\/av2019_organizadores-300x81.png 300w\" sizes=\"auto, (max-width: 604px) 100vw, 604px\" \/><\/figure>\r\n\r\n\r\n\r\n<h3 class=\"wp-block-heading\">Auspiciadores<\/h3>\r\n\r\n\r\n\r\n<figure class=\"wp-block-image\"><img loading=\"lazy\" decoding=\"async\" width=\"604\" height=\"90\" class=\"wp-image-39\" src=\"http:\/\/dev.eventos.cmm.uchile.cl\/analisisvariacional2019\/wp-content\/uploads\/sites\/73\/2018\/12\/av2019_auspiciadores.png\" alt=\"CMM, UOH y Conicyt\" srcset=\"https:\/\/dev.eventos.cmm.uchile.cl\/analisisvariacional2019\/wp-content\/uploads\/sites\/73\/2018\/12\/av2019_auspiciadores.png 604w, https:\/\/dev.eventos.cmm.uchile.cl\/analisisvariacional2019\/wp-content\/uploads\/sites\/73\/2018\/12\/av2019_auspiciadores-300x45.png 300w\" sizes=\"auto, (max-width: 604px) 100vw, 604px\" \/><\/figure>\r\n","protected":false},"excerpt":{"rendered":"<p>Durante este mes de Enero del 2019 pretendemos crear un ambiente propicio para el intercambio de ideas en torno las tem\u00e1ticas de an\u00e1lisis variacional y teor\u00eda de juegos. Para esto, y aprovechando estad\u00edas en Chile de varios invitados de renombre en estas \u00e1reas, hemos propuesto una serie de seminarios y actividades durante todo el mes, &hellip; <a href=\"https:\/\/dev.eventos.cmm.uchile.cl\/analisisvariacional2019\/\" class=\"more-link\">Seguir leyendo <span class=\"screen-reader-text\">Mes tem\u00e1tico<\/span> <span class=\"meta-nav\">&rarr;<\/span><\/a><\/p>\n","protected":false},"author":2,"featured_media":0,"parent":0,"menu_order":0,"comment_status":"closed","ping_status":"closed","template":"","meta":{"inline_featured_image":false,"footnotes":""},"class_list":["post-8","page","type-page","status-publish","hentry"],"_links":{"self":[{"href":"https:\/\/dev.eventos.cmm.uchile.cl\/analisisvariacional2019\/wp-json\/wp\/v2\/pages\/8","targetHints":{"allow":["GET"]}}],"collection":[{"href":"https:\/\/dev.eventos.cmm.uchile.cl\/analisisvariacional2019\/wp-json\/wp\/v2\/pages"}],"about":[{"href":"https:\/\/dev.eventos.cmm.uchile.cl\/analisisvariacional2019\/wp-json\/wp\/v2\/types\/page"}],"author":[{"embeddable":true,"href":"https:\/\/dev.eventos.cmm.uchile.cl\/analisisvariacional2019\/wp-json\/wp\/v2\/users\/2"}],"replies":[{"embeddable":true,"href":"https:\/\/dev.eventos.cmm.uchile.cl\/analisisvariacional2019\/wp-json\/wp\/v2\/comments?post=8"}],"version-history":[{"count":13,"href":"https:\/\/dev.eventos.cmm.uchile.cl\/analisisvariacional2019\/wp-json\/wp\/v2\/pages\/8\/revisions"}],"predecessor-version":[{"id":135,"href":"https:\/\/dev.eventos.cmm.uchile.cl\/analisisvariacional2019\/wp-json\/wp\/v2\/pages\/8\/revisions\/135"}],"wp:attachment":[{"href":"https:\/\/dev.eventos.cmm.uchile.cl\/analisisvariacional2019\/wp-json\/wp\/v2\/media?parent=8"}],"curies":[{"name":"wp","href":"https:\/\/api.w.org\/{rel}","templated":true}]}}