{"id":63,"date":"2016-11-14T13:51:33","date_gmt":"2016-11-14T16:51:33","guid":{"rendered":"http:\/\/dev.eventos.cmm.uchile.cl\/discretas2017\/?page_id=63"},"modified":"2017-01-06T23:37:53","modified_gmt":"2017-01-07T02:37:53","slug":"alumnos-participantes","status":"publish","type":"page","link":"https:\/\/dev.eventos.cmm.uchile.cl\/discretas2017\/alumnos-participantes\/","title":{"rendered":"Alumnos Participantes"},"content":{"rendered":"<p>Lista de alumnos participantes<\/p>\n<table dir=\"ltr\" border=\"1\" cellspacing=\"0\" cellpadding=\"0\">\n<colgroup>\n<col width=\"144\" \/>\n<col width=\"317\" \/><\/colgroup>\n<tbody>\n<tr>\n<td>Aldo Culquicondor<\/td>\n<td>Universidad Cat\u00f3lica San Pablo<\/td>\n<\/tr>\n<tr>\n<td>Andr\u00e9s Cristi<\/td>\n<td>Universidad de Chile<\/td>\n<\/tr>\n<tr>\n<td>Andr\u00e9s Miniguano<\/td>\n<td>Escuela Polit\u00e9cnica Nacional<\/td>\n<\/tr>\n<tr>\n<td>Arturo Merino<\/td>\n<td>Universidad de Chile<\/td>\n<\/tr>\n<tr>\n<td>Carlos Casorr\u00e1n<\/td>\n<td>Universidad de Chile\/Universidad Libre de Bruselas<\/td>\n<\/tr>\n<tr>\n<td>David Hasson<\/td>\n<td>Universidad de Chile<\/td>\n<\/tr>\n<tr>\n<td>Emilio Molina<\/td>\n<td>Universidad de Chile<\/td>\n<\/tr>\n<tr>\n<td>Esteban Quiroz<\/td>\n<td>Universidad de Chile<\/td>\n<\/tr>\n<tr>\n<td>Fabian Colque Zegarra<\/td>\n<td>Universidade Federal do Rio Grande do Sul<\/td>\n<\/tr>\n<tr>\n<td>Fabi\u00e1n D\u00edaz-Nu\u00f1ez<\/td>\n<td>Universidad de Santiago de Chile<\/td>\n<\/tr>\n<tr>\n<td>Felipe Garrido<\/td>\n<td>Universidad de Chile<\/td>\n<\/tr>\n<tr>\n<td>Felipe Ignacio Benitez Ulloa<\/td>\n<td>Universidad de Concepcion<\/td>\n<\/tr>\n<tr>\n<td>Felix Happach<\/td>\n<td>Technical University of Munich<\/td>\n<\/tr>\n<tr>\n<td>Francisco Sanhueza<\/td>\n<td>Universidad de Chile<\/td>\n<\/tr>\n<tr>\n<td>Franziska Eberle<\/td>\n<td>Technical University of Munich<\/td>\n<\/tr>\n<tr>\n<td>Haakon Hals R\u00f8d<\/td>\n<td>Technical University of Munich<\/td>\n<\/tr>\n<tr>\n<td>Ignacio Morales<\/td>\n<td>Pontificia Universidad Cat\u00f3lica de Chile<\/td>\n<\/tr>\n<tr>\n<td>Jorge Avila<\/td>\n<td>Universidad de Concepci\u00f3n<\/td>\n<\/tr>\n<tr>\n<td>Luis Herrera<\/td>\n<td>Universidad de Santiago de Chile<\/td>\n<\/tr>\n<tr>\n<td>Luz Edith Santos Guerrero<\/td>\n<td>Fundaci\u00f3n Universitaria Konrad Lorenz<\/td>\n<\/tr>\n<tr>\n<td>Manuel Rogers<\/td>\n<td>Pontificia Universidad Cat\u00f3lica de Chile<\/td>\n<\/tr>\n<tr>\n<td>Marcus Kaiser<\/td>\n<td>Technical University of Munich<\/td>\n<\/tr>\n<tr>\n<td>Matias Pavez<\/td>\n<td>Universidad de Chile<\/td>\n<\/tr>\n<tr>\n<td>Mauro Escobar<\/td>\n<td>Columbia University<\/td>\n<\/tr>\n<tr>\n<td>Nilse Pamela Romero Basurto<\/td>\n<td>Universidad Nacional Auton\u00f3ma de M\u00e9xico (UNAM)<\/td>\n<\/tr>\n<tr>\n<td>Oscar Carrasco<\/td>\n<td>Universidad de Chile<\/td>\n<\/tr>\n<tr>\n<td>Pablo Terlisky<\/td>\n<td>Universidad de Buenos Aires<\/td>\n<\/tr>\n<tr>\n<td>Pablo Zuleta<\/td>\n<td>Escuela Polit\u00e9cnica Nacional<\/td>\n<\/tr>\n<tr>\n<td>Patricio Foncea-Araneda<\/td>\n<td>Universidad de Chile<\/td>\n<\/tr>\n<tr>\n<td>Raquel Vargas<\/td>\n<td>Escuela Polit\u00e9cnica Nacional<\/td>\n<\/tr>\n<tr>\n<td>Sebastian Perez Salazar<\/td>\n<td>Universidad de Chile<\/td>\n<\/tr>\n<tr>\n<td>Sim\u00f3n Piga<\/td>\n<td>Universidad de Chile<\/td>\n<\/tr>\n<tr>\n<td>Tom\u00e1s Valdivia<\/td>\n<td>Universidad de Chile<\/td>\n<\/tr>\n<tr>\n<td>Tom\u00e1s Mart\u00ednez<\/td>\n<td>Universidad de Chile<\/td>\n<\/tr>\n<tr>\n<td>Victor Bucarey<\/td>\n<td>Universidad de Chile<\/td>\n<\/tr>\n<tr>\n<td>Victor Verdugo<\/td>\n<td>Universidad de Chile<\/td>\n<\/tr>\n<\/tbody>\n<\/table>\n<p>Para\u00a0cualquier duda, contactar al\u00a0equipo organizador (<a href=\"mailto:discretas2016@dim.uchile.cl\">discretas2017@dim.uchile.cl<\/a>)<\/p>\n<p>&nbsp;<\/p>\n","protected":false},"excerpt":{"rendered":"<p>Lista de alumnos participantes Aldo Culquicondor Universidad Cat\u00f3lica San Pablo Andr\u00e9s Cristi Universidad de Chile Andr\u00e9s Miniguano Escuela Polit\u00e9cnica Nacional Arturo Merino Universidad de Chile Carlos Casorr\u00e1n Universidad de Chile\/Universidad Libre de Bruselas David Hasson Universidad de Chile Emilio Molina Universidad de Chile Esteban Quiroz Universidad de Chile Fabian Colque Zegarra Universidade Federal do Rio &hellip; <a href=\"https:\/\/dev.eventos.cmm.uchile.cl\/discretas2017\/alumnos-participantes\/\" class=\"more-link\">Seguir leyendo <span class=\"screen-reader-text\">Alumnos Participantes<\/span> <span class=\"meta-nav\">&rarr;<\/span><\/a><\/p>\n","protected":false},"author":30,"featured_media":0,"parent":0,"menu_order":0,"comment_status":"closed","ping_status":"closed","template":"","meta":{"inline_featured_image":false,"footnotes":""},"class_list":["post-63","page","type-page","status-publish","hentry"],"_links":{"self":[{"href":"https:\/\/dev.eventos.cmm.uchile.cl\/discretas2017\/wp-json\/wp\/v2\/pages\/63","targetHints":{"allow":["GET"]}}],"collection":[{"href":"https:\/\/dev.eventos.cmm.uchile.cl\/discretas2017\/wp-json\/wp\/v2\/pages"}],"about":[{"href":"https:\/\/dev.eventos.cmm.uchile.cl\/discretas2017\/wp-json\/wp\/v2\/types\/page"}],"author":[{"embeddable":true,"href":"https:\/\/dev.eventos.cmm.uchile.cl\/discretas2017\/wp-json\/wp\/v2\/users\/30"}],"replies":[{"embeddable":true,"href":"https:\/\/dev.eventos.cmm.uchile.cl\/discretas2017\/wp-json\/wp\/v2\/comments?post=63"}],"version-history":[{"count":5,"href":"https:\/\/dev.eventos.cmm.uchile.cl\/discretas2017\/wp-json\/wp\/v2\/pages\/63\/revisions"}],"predecessor-version":[{"id":116,"href":"https:\/\/dev.eventos.cmm.uchile.cl\/discretas2017\/wp-json\/wp\/v2\/pages\/63\/revisions\/116"}],"wp:attachment":[{"href":"https:\/\/dev.eventos.cmm.uchile.cl\/discretas2017\/wp-json\/wp\/v2\/media?parent=63"}],"curies":[{"name":"wp","href":"https:\/\/api.w.org\/{rel}","templated":true}]}}