{"id":14,"date":"2013-09-04T22:36:35","date_gmt":"2013-09-04T22:36:35","guid":{"rendered":"http:\/\/dev.eventos.cmm.uchile.cl\/escuelaprimavera2013\/?page_id=14"},"modified":"2013-09-05T15:21:39","modified_gmt":"2013-09-05T19:21:39","slug":"ubicacion","status":"publish","type":"page","link":"https:\/\/dev.eventos.cmm.uchile.cl\/escuelaprimavera2013\/ubicacion\/","title":{"rendered":"Ubicaci\u00f3n"},"content":{"rendered":"<h3>C\u00f3mo llegar al curso<\/h3>\n<p>Aqu\u00ed encontrar\u00e1n c\u00f3mo llegar a la <a title=\"Rese\u00f1a hist\u00f3rica FCFM\" href=\"http:\/\/ingenieria.uchile.cl\/su_historia\">Facultad de Ciencias F\u00edsicas y Matem\u00e1ticas<\/a> de la Universidad de Chile (que incluye el edificio de la m\u00e1s antigua Escuela de Ingenier\u00eda del pa\u00eds, fundada en 1853), del cual el <a title=\"CMM - Centro de Modelamiento Matem\u00e1tico\" href=\"http:\/\/www.cmm.uchile.cl\/\">CMM &#8211; Centro de Modelamiento Matem\u00e1tico<\/a> y el <a title=\"Departamento de Ingenier\u00eda Matem\u00e1tica\" href=\"http:\/\/www.dim.uchile.cl\/\">Departamento de Ingenier\u00eda Matem\u00e1tica<\/a> son parte.<\/p>\n<p>Para llegar, pueden hacerlo mediante metro (Metro de Santiago: <a title=\"Plano de red Metro\" href=\"http:\/\/dev.eventos.cmm.uchile.cl\/escuelaprimavera2013\/wp-content\/uploads\/sites\/2\/2013\/09\/2012-plano-metro-red.pdf\">plano del Metro<\/a>). Se recomienda tomar la L\u00ednea 1 hasta la estaci\u00f3n \u00abLos H\u00e9roes\u00bb y combinar con la L\u00ednea 2 hasta la estaci\u00f3n \u00abToesca\u00bb. Desde la estaci\u00f3n \u00abToesca\u00bb a la Facultad es un trayecto de cerca de 10 minutos caminando (<a href=\"http:\/\/dev.eventos.cmm.uchile.cl\/escuelaprimavera2013\/wp-content\/uploads\/sites\/2\/2013\/09\/uchile_cmm-dim_mapa_ubicacion01.pdf\">ver mapa descargable<\/a>).<\/p>\n<p>La direcci\u00f3n del Departamento de Ingenier\u00eda Matem\u00e1tica y el CMM es Avenida Blanco Encalada 2120, 5to piso (DIM) y 6to-7mo piso (CMM).<\/p>\n<p>Para cualquier consulta, pueden contactar a:<\/p>\n<p>Silvia Mariano, Secretaria de la Escuela<br \/>\nE-mail: escuela@dim.uchile.cl, Telefono: (56-2) 29 78 44 40<\/p>\n<p>Jaime Ortega, Comit\u00e9 Organizador<br \/>\nE-mail: escuela@dim.uchile.cl, Telefono: (56-2) 29 78 46 31<\/p>\n<p><a name=\"mapa\"><\/a><br \/>\n\n<!-- iframe plugin v.6.0 wordpress.org\/plugins\/iframe\/ -->\n<iframe loading=\"lazy\" src=\"https:\/\/www.google.com\/maps\/ms?msa=0&#038;msid=217915210695641131574.0004b7ed431526d68ae15&#038;hl=en&#038;ie=UTF8&#038;t=m&#038;ll=-33.455792,-70.664084&#038;spn=0.003804,0.00456&#038;z=17&#038;iwloc=0004b7ed496f9ca95f69f&#038;output=embed\" height=\"425\" width=\"100%\" frameborder=\"0\" marginwidth=\"0\" marginheight=\"0\" scrolling=\"no\" class=\"iframe-class\"><\/iframe>\n\n<small>Ver el <a style=\"text-align: left\" href=\"https:\/\/www.google.com\/maps\/ms?msa=0&amp;msid=217915210695641131574.0004b7ed431526d68ae15&amp;hl=en&amp;ie=UTF8&amp;t=m&amp;ll=-33.455792,-70.664084&amp;spn=0.003804,0.00456&amp;z=17&amp;iwloc=0004b7ed496f9ca95f69f&amp;source=embed\">CMM<\/a> en un mapa m\u00e1s amplio<br \/>\n<\/small><\/p>\n","protected":false},"excerpt":{"rendered":"<p>C\u00f3mo llegar al curso Aqu\u00ed encontrar\u00e1n c\u00f3mo llegar a la Facultad de Ciencias F\u00edsicas y Matem\u00e1ticas de la Universidad de Chile (que incluye el edificio de la m\u00e1s antigua Escuela de Ingenier\u00eda del pa\u00eds, fundada en 1853), del cual el CMM &#8211; Centro de Modelamiento Matem\u00e1tico y el Departamento de Ingenier\u00eda Matem\u00e1tica son parte. Para &hellip; <a href=\"https:\/\/dev.eventos.cmm.uchile.cl\/escuelaprimavera2013\/ubicacion\/\" class=\"more-link\">Seguir leyendo <span class=\"screen-reader-text\">Ubicaci\u00f3n<\/span> <span class=\"meta-nav\">&rarr;<\/span><\/a><\/p>\n","protected":false},"author":2,"featured_media":0,"parent":0,"menu_order":4,"comment_status":"closed","ping_status":"closed","template":"","meta":{"inline_featured_image":false,"footnotes":""},"class_list":["post-14","page","type-page","status-publish","hentry"],"_links":{"self":[{"href":"https:\/\/dev.eventos.cmm.uchile.cl\/escuelaprimavera2013\/wp-json\/wp\/v2\/pages\/14","targetHints":{"allow":["GET"]}}],"collection":[{"href":"https:\/\/dev.eventos.cmm.uchile.cl\/escuelaprimavera2013\/wp-json\/wp\/v2\/pages"}],"about":[{"href":"https:\/\/dev.eventos.cmm.uchile.cl\/escuelaprimavera2013\/wp-json\/wp\/v2\/types\/page"}],"author":[{"embeddable":true,"href":"https:\/\/dev.eventos.cmm.uchile.cl\/escuelaprimavera2013\/wp-json\/wp\/v2\/users\/2"}],"replies":[{"embeddable":true,"href":"https:\/\/dev.eventos.cmm.uchile.cl\/escuelaprimavera2013\/wp-json\/wp\/v2\/comments?post=14"}],"version-history":[{"count":9,"href":"https:\/\/dev.eventos.cmm.uchile.cl\/escuelaprimavera2013\/wp-json\/wp\/v2\/pages\/14\/revisions"}],"predecessor-version":[{"id":47,"href":"https:\/\/dev.eventos.cmm.uchile.cl\/escuelaprimavera2013\/wp-json\/wp\/v2\/pages\/14\/revisions\/47"}],"wp:attachment":[{"href":"https:\/\/dev.eventos.cmm.uchile.cl\/escuelaprimavera2013\/wp-json\/wp\/v2\/media?parent=14"}],"curies":[{"name":"wp","href":"https:\/\/api.w.org\/{rel}","templated":true}]}}