{"id":18,"date":"2013-09-04T22:47:37","date_gmt":"2013-09-04T22:47:37","guid":{"rendered":"http:\/\/dev.eventos.cmm.uchile.cl\/escuelaprimavera2013\/?page_id=18"},"modified":"2013-09-04T19:07:28","modified_gmt":"2013-09-04T23:07:28","slug":"becas","status":"publish","type":"page","link":"https:\/\/dev.eventos.cmm.uchile.cl\/escuelaprimavera2013\/becas\/","title":{"rendered":"Becas"},"content":{"rendered":"<p>La organizaci\u00f3n cuenta con un n\u00famero limitado de becas de traslado y alojamiento para los participantes. Por ello, si los alumnos cuentan con alg\u00fan tipo de financiamiento parcial de sus instituciones u otros organismos, la organizaci\u00f3n podr\u00e1 aportar los dineros complementarios. Como referencia, se estima que el costo total de estad\u00eda de un alumno es de aproximadamente $300.000 pesos chilenos (1 US$ es en este momento aproximadamente 500 pesos chilenos). Se ruega indicar al momento de la postulaci\u00f3n si el alumno requiere alg\u00fan tipo de financiamiento y si \u00e9ste es parcial o total.<\/p>\n<p>Cabe notar que el programa de doctorado cuenta con un n\u00famero limitado de becas, financiadas por el <a title=\"Centro de Modelamiento Matem\u00e1tico\" href=\"http:\/\/www.cmm.uchile.cl\/\">Centro de Modelamiento Matem\u00e1tico<\/a>, de manera de financiar los estudios de doctorado de los estudiantes, un antecedente importante para la obtenci\u00f3n de algunas de estas becas ser\u00e1 el desempe\u00f1o de los estudiantes de esta escuela, por lo que los invitamos a enviar sus antecedentes y participar activamente en esta actividad.<\/p>\n<p>Para cualquier consulta sobre este tema, puede contactar a:<\/p>\n<p>Silvia Mariano, Secretaria de la Escuela<br \/>\nE-mail: escuela@dim.uchile.cl, Telefono: (56-2) 29 78 44 40<\/p>\n","protected":false},"excerpt":{"rendered":"<p>La organizaci\u00f3n cuenta con un n\u00famero limitado de becas de traslado y alojamiento para los participantes. Por ello, si los alumnos cuentan con alg\u00fan tipo de financiamiento parcial de sus instituciones u otros organismos, la organizaci\u00f3n podr\u00e1 aportar los dineros complementarios. Como referencia, se estima que el costo total de estad\u00eda de un alumno es &hellip; <a href=\"https:\/\/dev.eventos.cmm.uchile.cl\/escuelaprimavera2013\/becas\/\" class=\"more-link\">Seguir leyendo <span class=\"screen-reader-text\">Becas<\/span> <span class=\"meta-nav\">&rarr;<\/span><\/a><\/p>\n","protected":false},"author":2,"featured_media":0,"parent":0,"menu_order":3,"comment_status":"closed","ping_status":"closed","template":"","meta":{"inline_featured_image":false,"footnotes":""},"class_list":["post-18","page","type-page","status-publish","hentry"],"_links":{"self":[{"href":"https:\/\/dev.eventos.cmm.uchile.cl\/escuelaprimavera2013\/wp-json\/wp\/v2\/pages\/18","targetHints":{"allow":["GET"]}}],"collection":[{"href":"https:\/\/dev.eventos.cmm.uchile.cl\/escuelaprimavera2013\/wp-json\/wp\/v2\/pages"}],"about":[{"href":"https:\/\/dev.eventos.cmm.uchile.cl\/escuelaprimavera2013\/wp-json\/wp\/v2\/types\/page"}],"author":[{"embeddable":true,"href":"https:\/\/dev.eventos.cmm.uchile.cl\/escuelaprimavera2013\/wp-json\/wp\/v2\/users\/2"}],"replies":[{"embeddable":true,"href":"https:\/\/dev.eventos.cmm.uchile.cl\/escuelaprimavera2013\/wp-json\/wp\/v2\/comments?post=18"}],"version-history":[{"count":3,"href":"https:\/\/dev.eventos.cmm.uchile.cl\/escuelaprimavera2013\/wp-json\/wp\/v2\/pages\/18\/revisions"}],"predecessor-version":[{"id":19,"href":"https:\/\/dev.eventos.cmm.uchile.cl\/escuelaprimavera2013\/wp-json\/wp\/v2\/pages\/18\/revisions\/19"}],"wp:attachment":[{"href":"https:\/\/dev.eventos.cmm.uchile.cl\/escuelaprimavera2013\/wp-json\/wp\/v2\/media?parent=18"}],"curies":[{"name":"wp","href":"https:\/\/api.w.org\/{rel}","templated":true}]}}