{"id":8,"date":"2013-09-04T22:12:44","date_gmt":"2013-09-04T22:12:44","guid":{"rendered":"http:\/\/dev.eventos.cmm.uchile.cl\/escuelaprimavera2013\/?page_id=8"},"modified":"2013-10-16T10:09:24","modified_gmt":"2013-10-16T13:09:24","slug":"programa","status":"publish","type":"page","link":"https:\/\/dev.eventos.cmm.uchile.cl\/escuelaprimavera2013\/programa\/","title":{"rendered":"Programa"},"content":{"rendered":"<h3>Primera Semana<\/h3>\n<table width=\"100%\" border=\"0\" cellspacing=\"0\" cellpadding=\"0\">\n<col span=\"6\" width=\"65\" \/>\n<tbody>\n<tr>\n<td width=\"50\" height=\"25\"><\/td>\n<td style=\"text-align: center\" width=\"110\"><strong>LUNES 14<\/strong><\/td>\n<td style=\"text-align: center\" width=\"110\"><strong>MARTES 15<\/strong><\/td>\n<td style=\"text-align: center\" width=\"110\"><strong>MIERCOLES 16<\/strong><\/td>\n<td style=\"text-align: center\" width=\"110\"><strong>JUEVES 17<\/strong><\/td>\n<td style=\"text-align: center\" width=\"110\"><strong>VIERNES 18<\/strong><\/td>\n<\/tr>\n<tr>\n<td width=\"65\" height=\"25\">9:30<\/td>\n<td width=\"65\">Recepci\u00f3n \u2013 Bienvenida<\/td>\n<td width=\"65\"><\/td>\n<td width=\"65\"><\/td>\n<td width=\"65\"><\/td>\n<td width=\"65\"><\/td>\n<\/tr>\n<tr>\n<td width=\"65\" height=\"15\"><\/td>\n<td width=\"65\"><\/td>\n<td width=\"65\">M. Del Pino<\/td>\n<td width=\"65\">M. Del Pino<\/td>\n<td width=\"65\">M. Del Pino<\/td>\n<td width=\"65\">Auxiliar<\/td>\n<\/tr>\n<tr>\n<td width=\"65\" height=\"25\"><\/td>\n<td width=\"65\"><\/td>\n<td width=\"65\">CURSO<\/td>\n<td width=\"65\">CURSO<\/td>\n<td width=\"65\">CURSO<\/td>\n<td width=\"65\">(curso Del Pino)<\/td>\n<\/tr>\n<tr>\n<td rowspan=\"2\" width=\"65\" height=\"31\">12:00<\/td>\n<td width=\"65\">M. Del Pino<\/td>\n<td width=\"65\">R. Correa<\/td>\n<td width=\"65\">A. Hantoute<\/td>\n<td width=\"65\">A. Hantoute<\/td>\n<td rowspan=\"2\" width=\"65\"><\/td>\n<\/tr>\n<tr>\n<td width=\"65\" height=\"16\">CURSO<\/td>\n<td width=\"65\">charla<\/td>\n<td width=\"65\">Cursillo<\/td>\n<td width=\"65\">Cursillo<\/td>\n<\/tr>\n<tr>\n<td width=\"65\" height=\"16\">14:00<\/td>\n<td colspan=\"5\" width=\"325\">PAUSA &#8211; COMIDA<\/td>\n<\/tr>\n<tr>\n<td rowspan=\"2\" width=\"65\" height=\"31\">15:30<\/td>\n<td width=\"65\">C. Conca<\/td>\n<td width=\"65\">M. Kiwi<\/td>\n<td width=\"65\">C. Conca<\/td>\n<td width=\"65\">D. Remenik<\/td>\n<td width=\"65\">C. Conca<\/td>\n<\/tr>\n<tr>\n<td width=\"65\" height=\"16\">Cursillo<\/td>\n<td width=\"65\">charla<\/td>\n<td width=\"65\">Cursillo<\/td>\n<td width=\"65\">charla<\/td>\n<td width=\"65\">Cursillo<\/td>\n<\/tr>\n<\/tbody>\n<\/table>\n<h3>Segunda Semana<\/h3>\n<table width=\"100%\" border=\"0\" cellspacing=\"0\" cellpadding=\"0\">\n<col span=\"8\" width=\"65\" \/>\n<tbody>\n<tr>\n<td width=\"50\" height=\"25\"><\/td>\n<td style=\"text-align: center\" width=\"110\"><strong>LUNES 21<\/strong><\/td>\n<td style=\"text-align: center\" width=\"110\"><strong>MARTES 22<\/strong><\/td>\n<td style=\"text-align: center\" width=\"110\"><strong>MIERCOLES 23<\/strong><\/td>\n<td style=\"text-align: center\" colspan=\"2\" width=\"110\"><strong>JUEVES 24<\/strong><\/td>\n<td style=\"text-align: center\" colspan=\"2\" width=\"110\"><strong>VIERNES 25<\/strong><\/td>\n<\/tr>\n<tr>\n<td align=\"right\" width=\"65\" height=\"16\">9:00<\/td>\n<td width=\"65\"><\/td>\n<td width=\"65\"><\/td>\n<td width=\"65\"><\/td>\n<td colspan=\"2\" width=\"130\">EVALUACI\u00d3N<\/td>\n<td colspan=\"2\" width=\"130\"><\/td>\n<\/tr>\n<tr>\n<td rowspan=\"2\" width=\"65\" height=\"40\">10:00<\/td>\n<td width=\"65\">M. Del Pino<\/td>\n<td width=\"65\">M. Del Pino<\/td>\n<td width=\"65\">Auxiliar<\/td>\n<td colspan=\"2\" width=\"130\">sobre el curso<\/td>\n<td colspan=\"2\" width=\"130\">Entrevistas<\/td>\n<\/tr>\n<tr>\n<td width=\"65\" height=\"25\">CURSO<\/td>\n<td width=\"65\">CURSO<\/td>\n<td width=\"65\">(curso Del Pino)<\/td>\n<td colspan=\"2\" width=\"130\">de M. del Pino<\/td>\n<td colspan=\"2\" width=\"130\"><\/td>\n<\/tr>\n<tr>\n<td rowspan=\"2\" width=\"65\" height=\"31\">12:00<\/td>\n<td width=\"65\">J. Soto<\/td>\n<td width=\"65\">J. Soto<\/td>\n<td width=\"65\">J. Soto<\/td>\n<td colspan=\"2\" width=\"130\"><\/td>\n<td colspan=\"2\" width=\"130\"><\/td>\n<\/tr>\n<tr>\n<td width=\"65\" height=\"16\">Cursillo<\/td>\n<td width=\"65\">Cursillo<\/td>\n<td width=\"65\">Cursillo<\/td>\n<td colspan=\"2\" width=\"130\"><\/td>\n<td colspan=\"2\" width=\"130\"><\/td>\n<\/tr>\n<tr>\n<td width=\"65\" height=\"16\">14:00<\/td>\n<td colspan=\"7\" width=\"455\">PAUSA \u2013 COMIDA<\/td>\n<\/tr>\n<tr>\n<td rowspan=\"2\" width=\"65\" height=\"31\">15:30<\/td>\n<td width=\"65\">A. Hantoute<\/td>\n<td width=\"65\">A. Maass<\/td>\n<td rowspan=\"2\" colspan=\"2\" width=\"130\"><\/td>\n<td rowspan=\"2\" colspan=\"2\" width=\"130\"><\/td>\n<td rowspan=\"2\" width=\"65\"><\/td>\n<\/tr>\n<tr>\n<td width=\"65\" height=\"16\">Cursillo<\/td>\n<td width=\"65\">charla<\/td>\n<\/tr>\n<\/tbody>\n<\/table>\n<p>&nbsp;<\/p>\n<p><a href=\"http:\/\/dev.eventos.cmm.uchile.cl\/escuelaprimavera2013\/wp-content\/uploads\/sites\/2\/2013\/09\/Programa-EscuelaPrimavera-20131.doc\">Descargar Programa Escuela Primavera 2013<\/a><\/p>\n<h3>Cursos:<\/h3>\n<p><strong>Introducci\u00f3n al An\u00e1lisis Funcional (9h + evaluaci\u00f3n)<\/strong><br \/>\n<a title=\"Manuel Del Pino\" href=\"http:\/\/www.cmm.uchile.cl\/?cmm_people=manuel-del-pino\">Manuel Del Pino<\/a> (+ 3h Auxiliar)<\/p>\n<p><strong>Problemas Inversos en Biolog\u00eda (6h)<\/strong><br \/>\n<a title=\"Carlos Conca\" href=\"http:\/\/www.cmm.uchile.cl\/?cmm_people=carlos-conca\">Carlos Conca<\/a><\/p>\n<p><strong>Introducci\u00f3n al An\u00e1lisis Convexo (6h)<\/strong><br \/>\n<a title=\"Abderrahim Hantoute\" href=\"http:\/\/www.cmm.uchile.cl\/?cmm_people=abderrahim-hantoute\">Abderrahim Hantoute<\/a><\/p>\n<p><strong>Redondeo Iterativo en Optimizaci\u00f3n Combinatorial (6h)<\/strong><br \/>\n<a title=\"Jos\u00e9 Soto\" href=\"http:\/\/www.cmm.uchile.cl\/?cmm_people=jose-soto\">Jos\u00e9 Soto<\/a><\/p>\n<h3>Charlas<\/h3>\n<p><a title=\"Rafael Correa\" href=\"http:\/\/www.cmm.uchile.cl\/?cmm_people=rafael-correa\">Rafael Correa<\/a> (1,5 h)<br \/>\n<strong>Tema en Optimizaci\u00f3n<\/strong><\/p>\n<p><a title=\"Marcos Kiwi\" href=\"http:\/\/www.cmm.uchile.cl\/?cmm_people=marcos-kiwi\">Marcos Kiwi<\/a> (2h)<br \/>\n<strong>Versi\u00f3n Algor\u00edtmica del Lema Local de Lov\u00e1sz (LLL)<\/strong><\/p>\n<p>Daniel Remenik (1,5 h)<br \/>\n<strong>Tema en Probabilidad<\/strong><\/p>\n<p><a title=\"Alejandro Maass\" href=\"http:\/\/www.cmm.uchile.cl\/?cmm_people=alejandro-maass\">Alejandro Maass<\/a> (1,5 h)<br \/>\n<strong>Combinatoria y recurrencia en teor\u00eda erg\u00f3dica<\/strong><\/p>\n<h3>Organizaci\u00f3n<\/h3>\n<p><a title=\"Aris Daniilidis\" href=\"http:\/\/www.cmm.uchile.cl\/?cmm_people=aris-daniilidis\">Aris Daniilidis<\/a>, <a title=\"Joaquin Fontona\" href=\"http:\/\/www.cmm.uchile.cl\/?cmm_people=joaquin-fontbona\">Joaquin Fontona<\/a>, <a title=\"Jaime Ortega\" href=\"http:\/\/www.cmm.uchile.cl\/?cmm_people=jaime-ortega\">Jaime Ortega<\/a> (acad\u00e9micos)<br \/>\nSilvia Mariano (administraci\u00f3n)<\/p>\n","protected":false},"excerpt":{"rendered":"<p>Primera Semana LUNES 14 MARTES 15 MIERCOLES 16 JUEVES 17 VIERNES 18 9:30 Recepci\u00f3n \u2013 Bienvenida M. Del Pino M. Del Pino M. Del Pino Auxiliar CURSO CURSO CURSO (curso Del Pino) 12:00 M. Del Pino R. Correa A. Hantoute A. Hantoute CURSO charla Cursillo Cursillo 14:00 PAUSA &#8211; COMIDA 15:30 C. Conca M. Kiwi &hellip; <a href=\"https:\/\/dev.eventos.cmm.uchile.cl\/escuelaprimavera2013\/programa\/\" class=\"more-link\">Seguir leyendo <span class=\"screen-reader-text\">Programa<\/span> <span class=\"meta-nav\">&rarr;<\/span><\/a><\/p>\n","protected":false},"author":2,"featured_media":0,"parent":0,"menu_order":1,"comment_status":"closed","ping_status":"closed","template":"","meta":{"inline_featured_image":false,"footnotes":""},"class_list":["post-8","page","type-page","status-publish","hentry"],"_links":{"self":[{"href":"https:\/\/dev.eventos.cmm.uchile.cl\/escuelaprimavera2013\/wp-json\/wp\/v2\/pages\/8","targetHints":{"allow":["GET"]}}],"collection":[{"href":"https:\/\/dev.eventos.cmm.uchile.cl\/escuelaprimavera2013\/wp-json\/wp\/v2\/pages"}],"about":[{"href":"https:\/\/dev.eventos.cmm.uchile.cl\/escuelaprimavera2013\/wp-json\/wp\/v2\/types\/page"}],"author":[{"embeddable":true,"href":"https:\/\/dev.eventos.cmm.uchile.cl\/escuelaprimavera2013\/wp-json\/wp\/v2\/users\/2"}],"replies":[{"embeddable":true,"href":"https:\/\/dev.eventos.cmm.uchile.cl\/escuelaprimavera2013\/wp-json\/wp\/v2\/comments?post=8"}],"version-history":[{"count":23,"href":"https:\/\/dev.eventos.cmm.uchile.cl\/escuelaprimavera2013\/wp-json\/wp\/v2\/pages\/8\/revisions"}],"predecessor-version":[{"id":10,"href":"https:\/\/dev.eventos.cmm.uchile.cl\/escuelaprimavera2013\/wp-json\/wp\/v2\/pages\/8\/revisions\/10"}],"wp:attachment":[{"href":"https:\/\/dev.eventos.cmm.uchile.cl\/escuelaprimavera2013\/wp-json\/wp\/v2\/media?parent=8"}],"curies":[{"name":"wp","href":"https:\/\/api.w.org\/{rel}","templated":true}]}}