{"id":10,"date":"2015-01-21T09:58:53","date_gmt":"2015-01-21T12:58:53","guid":{"rendered":"http:\/\/dev.eventos.cmm.uchile.cl\/patagonia2015\/?page_id=10"},"modified":"2015-01-26T17:28:07","modified_gmt":"2015-01-26T20:28:07","slug":"magallanes","status":"publish","type":"page","link":"https:\/\/dev.eventos.cmm.uchile.cl\/patagonia2015\/magallanes\/","title":{"rendered":"Jornada Tecnol\u00f3gica de Magallanes"},"content":{"rendered":"<p>El Intendente de la Regi\u00f3n de Magallanes y Ant\u00e1rtica Chilena, Jorge Flies, tiene el agrado de invitar a usted a la <strong>Jornada Tecnol\u00f3gica de Magallanes 2015: Nuevas Oportunidades de Desarrollo Abiertas por la Red F\u00f3tonica de la Fibra \u00d3ptica Austral<\/strong>, que organiza en colaboraci\u00f3n con el <a href=\"http:\/\/www.cmm.uchile.cl\/\">Centro de Modelamiento Matem\u00e1tico (CMM)<\/a> de la Universidad de Chile.<\/p>\n<p>Este evento se realizar\u00e1 el martes 27 de enero de 2015 de 8:30 a 13:30 horas en el Instituto Ant\u00e1rtico Chileno, ubicado en <a title=\"Lugar\" href=\"http:\/\/dev.eventos.cmm.uchile.cl\/patagonia2015\/magallanes\/lugar\/\"><em>Plaza Mu\u00f1oz Gamero 1055, Punta Arenas<\/em><\/a>.<\/p>\n<p><a href=\"http:\/\/dev.eventos.cmm.uchile.cl\/patagonia2015\/magallanes\/programa-magallanes\/\">Programa aqu\u00ed<\/a><\/p>\n","protected":false},"excerpt":{"rendered":"<p>El Intendente de la Regi\u00f3n de Magallanes y Ant\u00e1rtica Chilena, Jorge Flies, tiene el agrado de invitar a usted a la Jornada Tecnol\u00f3gica de Magallanes 2015: Nuevas Oportunidades de Desarrollo Abiertas por la Red F\u00f3tonica de la Fibra \u00d3ptica Austral, que organiza en colaboraci\u00f3n con el Centro de Modelamiento Matem\u00e1tico (CMM) de la Universidad de &hellip; <a href=\"https:\/\/dev.eventos.cmm.uchile.cl\/patagonia2015\/magallanes\/\" class=\"more-link\">Seguir leyendo <span class=\"screen-reader-text\">Jornada Tecnol\u00f3gica de Magallanes<\/span> <span class=\"meta-nav\">&rarr;<\/span><\/a><\/p>\n","protected":false},"author":2,"featured_media":0,"parent":0,"menu_order":1,"comment_status":"closed","ping_status":"closed","template":"","meta":{"inline_featured_image":false,"footnotes":""},"class_list":["post-10","page","type-page","status-publish","hentry"],"_links":{"self":[{"href":"https:\/\/dev.eventos.cmm.uchile.cl\/patagonia2015\/wp-json\/wp\/v2\/pages\/10","targetHints":{"allow":["GET"]}}],"collection":[{"href":"https:\/\/dev.eventos.cmm.uchile.cl\/patagonia2015\/wp-json\/wp\/v2\/pages"}],"about":[{"href":"https:\/\/dev.eventos.cmm.uchile.cl\/patagonia2015\/wp-json\/wp\/v2\/types\/page"}],"author":[{"embeddable":true,"href":"https:\/\/dev.eventos.cmm.uchile.cl\/patagonia2015\/wp-json\/wp\/v2\/users\/2"}],"replies":[{"embeddable":true,"href":"https:\/\/dev.eventos.cmm.uchile.cl\/patagonia2015\/wp-json\/wp\/v2\/comments?post=10"}],"version-history":[{"count":8,"href":"https:\/\/dev.eventos.cmm.uchile.cl\/patagonia2015\/wp-json\/wp\/v2\/pages\/10\/revisions"}],"predecessor-version":[{"id":49,"href":"https:\/\/dev.eventos.cmm.uchile.cl\/patagonia2015\/wp-json\/wp\/v2\/pages\/10\/revisions\/49"}],"wp:attachment":[{"href":"https:\/\/dev.eventos.cmm.uchile.cl\/patagonia2015\/wp-json\/wp\/v2\/media?parent=10"}],"curies":[{"name":"wp","href":"https:\/\/api.w.org\/{rel}","templated":true}]}}