{"id":15,"date":"2015-01-26T12:36:26","date_gmt":"2015-01-26T15:36:26","guid":{"rendered":"http:\/\/dev.eventos.cmm.uchile.cl\/patagonia2015\/?page_id=15"},"modified":"2015-01-26T17:16:13","modified_gmt":"2015-01-26T20:16:13","slug":"programa","status":"publish","type":"page","link":"https:\/\/dev.eventos.cmm.uchile.cl\/patagonia2015\/aysen\/programa\/","title":{"rendered":"Programa Ays\u00e9n"},"content":{"rendered":"<p>Jornada Tecnol\u00f3gica de Ays\u00e9n 2015:<br \/>\n<strong>Nuevas oportunidades de desarrollo abiertas por <\/strong><br \/>\n<strong>la red fot\u00f3nica de la fibra \u00f3ptica austral<\/strong><\/p>\n<p>Coyhaique, Chile<br \/>\nViernes 30 Enero 2015<br \/>\n8:30-13:30<br \/>\nCentro Cultural de Coyhaique<\/p>\n<p>Co-Chairs:<br \/>\nXimena \u00d3rdenes (Intendente Regi\u00f3n de Ays\u00e9n)<br \/>\nEduardo Vera (CMM, Universidad de Chile)<\/p>\n<table width=\"312\">\n<tbody>\n<tr>\n<td width=\"66\">08:30-09:00<\/td>\n<td width=\"246\"><strong>Inscripci\u00f3n<\/strong><\/td>\n<\/tr>\n<tr>\n<td>09:00-09:15<\/td>\n<td><strong>Palabras de Bienvenida y Reflexiones Iniciales<\/strong><\/td>\n<\/tr>\n<tr>\n<td><\/td>\n<td>Ximena \u00d3rdenes y Eduardo Vera<\/td>\n<\/tr>\n<tr>\n<td>09:15-09:45<\/td>\n<td><strong>Contexto Hist\u00f3rico<\/strong><\/td>\n<\/tr>\n<tr>\n<td><\/td>\n<td>Mateo Martinic<\/td>\n<\/tr>\n<tr>\n<td>09:45-10:00<\/td>\n<td><strong>Lanzamiento re-edici\u00f3n Libro de Mateo Martinic<\/strong><\/td>\n<\/tr>\n<tr>\n<td><\/td>\n<td>Enrique Alcalde<\/td>\n<\/tr>\n<tr>\n<td>10:00-10:30<\/td>\n<td><strong>e-Ciencias<\/strong><\/td>\n<\/tr>\n<tr>\n<td><\/td>\n<td>Fernando Liello (GARR Italia)<\/td>\n<\/tr>\n<tr>\n<td>10:30-10:45<\/td>\n<td><strong>Red Fot\u00f3nica Austral: Subtel<\/strong><\/td>\n<\/tr>\n<tr>\n<td><\/td>\n<td>Erick Zu\u00f1iga<\/td>\n<\/tr>\n<tr>\n<td>10:45-11:15<\/td>\n<td><strong>Real-time Modeling<\/strong><\/td>\n<\/tr>\n<tr>\n<td><\/td>\n<td>Alejandro Jofr\u00e9 (Director CMM UChile)<\/td>\n<\/tr>\n<tr>\n<td>11:15-11:30<\/td>\n<td><strong>Coffee break<\/strong><\/td>\n<\/tr>\n<tr>\n<td>11:30-12:00<\/td>\n<td><strong>SHARE: a regional collaboration model<\/strong><\/td>\n<\/tr>\n<tr>\n<td><\/td>\n<td>Yuji Inoue (Chairman, Toyota-ITC, Jap\u00f3n)<\/td>\n<\/tr>\n<tr>\n<td>12:00-13:15<\/td>\n<td><strong>Panel de Discusi\u00f3n Abierta<\/strong><\/td>\n<\/tr>\n<tr>\n<td><\/td>\n<td><strong>Moderador:<\/strong><br \/>\nEduardo Vera (Gerente Innovaci\u00f3n, CMM-UChile)<\/td>\n<\/tr>\n<tr>\n<td><\/td>\n<td><strong>Participantes:<\/strong> breves intervenciones y di\u00e1logo abierto<br \/>\nAndr\u00e9s Zahler \/ Pablo Fern\u00e1ndez (PIC, Min Economia)<br \/>\nMaurizio Arienzo (CEO, Novaware Inc., Nueva York)<br \/>\nFernando Liello (GARR Italia)<br \/>\nJorge Ibsen (Director ALMA Computing)<br \/>\nJos\u00e9 Palacios (Presidente, REUNA Chile)<br \/>\nAlejandro Jofr\u00e9 (Director, CMM-UChile)<\/td>\n<\/tr>\n<tr>\n<td>13:15-13:30<\/td>\n<td><strong>Reflexiones Finales y Palabras de Cierre<\/strong><\/td>\n<\/tr>\n<tr>\n<td><\/td>\n<td>Ennio Vivaldi (Rector Universidad de Chile) y Ximena \u00d3rdenes<\/td>\n<\/tr>\n<\/tbody>\n<\/table>\n<p>Versi\u00f3n 7.0 &#8211; 26 Ene 2015<\/p>\n","protected":false},"excerpt":{"rendered":"<p>Jornada Tecnol\u00f3gica de Ays\u00e9n 2015: Nuevas oportunidades de desarrollo abiertas por la red fot\u00f3nica de la fibra \u00f3ptica austral Coyhaique, Chile Viernes 30 Enero 2015 8:30-13:30 Centro Cultural de Coyhaique Co-Chairs: Ximena \u00d3rdenes (Intendente Regi\u00f3n de Ays\u00e9n) Eduardo Vera (CMM, Universidad de Chile) 08:30-09:00 Inscripci\u00f3n 09:00-09:15 Palabras de Bienvenida y Reflexiones Iniciales Ximena \u00d3rdenes y &hellip; <a href=\"https:\/\/dev.eventos.cmm.uchile.cl\/patagonia2015\/aysen\/programa\/\" class=\"more-link\">Seguir leyendo <span class=\"screen-reader-text\">Programa Ays\u00e9n<\/span> <span class=\"meta-nav\">&rarr;<\/span><\/a><\/p>\n","protected":false},"author":2,"featured_media":0,"parent":6,"menu_order":0,"comment_status":"closed","ping_status":"closed","template":"","meta":{"inline_featured_image":false,"footnotes":""},"class_list":["post-15","page","type-page","status-publish","hentry"],"_links":{"self":[{"href":"https:\/\/dev.eventos.cmm.uchile.cl\/patagonia2015\/wp-json\/wp\/v2\/pages\/15","targetHints":{"allow":["GET"]}}],"collection":[{"href":"https:\/\/dev.eventos.cmm.uchile.cl\/patagonia2015\/wp-json\/wp\/v2\/pages"}],"about":[{"href":"https:\/\/dev.eventos.cmm.uchile.cl\/patagonia2015\/wp-json\/wp\/v2\/types\/page"}],"author":[{"embeddable":true,"href":"https:\/\/dev.eventos.cmm.uchile.cl\/patagonia2015\/wp-json\/wp\/v2\/users\/2"}],"replies":[{"embeddable":true,"href":"https:\/\/dev.eventos.cmm.uchile.cl\/patagonia2015\/wp-json\/wp\/v2\/comments?post=15"}],"version-history":[{"count":9,"href":"https:\/\/dev.eventos.cmm.uchile.cl\/patagonia2015\/wp-json\/wp\/v2\/pages\/15\/revisions"}],"predecessor-version":[{"id":32,"href":"https:\/\/dev.eventos.cmm.uchile.cl\/patagonia2015\/wp-json\/wp\/v2\/pages\/15\/revisions\/32"}],"up":[{"embeddable":true,"href":"https:\/\/dev.eventos.cmm.uchile.cl\/patagonia2015\/wp-json\/wp\/v2\/pages\/6"}],"wp:attachment":[{"href":"https:\/\/dev.eventos.cmm.uchile.cl\/patagonia2015\/wp-json\/wp\/v2\/media?parent=15"}],"curies":[{"name":"wp","href":"https:\/\/api.w.org\/{rel}","templated":true}]}}