{"id":23,"date":"2015-01-26T12:56:10","date_gmt":"2015-01-26T15:56:10","guid":{"rendered":"http:\/\/dev.eventos.cmm.uchile.cl\/patagonia2015\/?page_id=23"},"modified":"2015-01-26T17:16:20","modified_gmt":"2015-01-26T20:16:20","slug":"programa","status":"publish","type":"page","link":"https:\/\/dev.eventos.cmm.uchile.cl\/patagonia2015\/magallanes\/programa\/","title":{"rendered":"Programa Magallanes"},"content":{"rendered":"<p>Jornada Tecnol\u00f3gica de Magallanes 2015:<br \/>\n<strong>Nuevas oportunidades de desarrollo abiertas por<br \/>\n<\/strong><strong>la red fot\u00f3nica de la fibra \u00f3ptica austral<\/strong><\/p>\n<p>Punta Arenas, Chile<br \/>\nMartes 27 Enero 2015 8:30-13:30<br \/>\nAuditorium, Instituto Ant\u00e1rtico Chileno<\/p>\n<p>Co-Chairs:<br \/>\nJorge Flies (Intendente Regi\u00f3n de Magallanes y Ant\u00e1rtica Chilena)<br \/>\nEduardo Vera (CMM, Universidad de Chile)<\/p>\n<table width=\"481\">\n<tbody>\n<tr>\n<td width=\"66\">08:30-09:00<\/td>\n<td width=\"415\"><strong>Inscripci\u00f3n<\/strong><\/td>\n<\/tr>\n<tr>\n<td>09:00-09:15<\/td>\n<td><strong>Palabras de Bienvenida y Reflexiones Iniciales<\/strong><\/td>\n<\/tr>\n<tr>\n<td><\/td>\n<td>Jorge Flies y Eduardo Vera<\/td>\n<\/tr>\n<tr>\n<td>09:15-09:45<\/td>\n<td><strong>Contexto Hist\u00f3rico<\/strong><\/td>\n<\/tr>\n<tr>\n<td><\/td>\n<td>Mateo Martinic<\/td>\n<\/tr>\n<tr>\n<td>09:45-10:15<\/td>\n<td><strong>e-Ciencias<\/strong><\/td>\n<\/tr>\n<tr>\n<td><\/td>\n<td>Fernando Liello (GARR Italia)<\/td>\n<\/tr>\n<tr>\n<td>10:15-10:30<\/td>\n<td><strong>Red Fot\u00f3nica Austral: Subtel<\/strong><\/td>\n<\/tr>\n<tr>\n<td><\/td>\n<td>Pedro Huichalaf \/ Seremi regional<\/td>\n<\/tr>\n<tr>\n<td>10:30-11:00<\/td>\n<td><strong>El Extremo Austral como nuevo pilar del desarrollo de Chile en el Siglo XXI<\/strong><\/td>\n<\/tr>\n<tr>\n<td><\/td>\n<td>Alvaro Fischer (Fundaci\u00f3n Ciencia y Evoluci\u00f3n)<\/td>\n<\/tr>\n<tr>\n<td>11:00-11:15<\/td>\n<td><strong>Coffee break<\/strong><\/td>\n<\/tr>\n<tr>\n<td>11:15-11:45<\/td>\n<td><strong>Internet of Things (IoT): Applications of Machine-to-Machine (M2M) to e-Health!<\/strong><\/td>\n<\/tr>\n<tr>\n<td><\/td>\n<td>Maurizio Arienzo (CEO, Novaware Inc., Nueva York)<\/td>\n<\/tr>\n<tr>\n<td>11:45-13:15<\/td>\n<td><strong>Panel de Discusi\u00f3n Abierta<\/strong><\/td>\n<\/tr>\n<tr>\n<td><\/td>\n<td><strong>Moderador:<\/strong><br \/>\nEduardo Vera (Gerente Innovaci\u00f3n, CMM UChile)<\/td>\n<\/tr>\n<tr>\n<td><\/td>\n<td><strong>Participantes:<\/strong> breves intervenciones y di\u00e1logo abierto<br \/>\nAlvaro Fischer (Fundaci\u00f3n Ciencia y Evoluci\u00f3n)<br \/>\nJos\u00e9 Palacios (Presidente REUNA Chile) redes acad\u00e9micas<br \/>\nPatricio Felmer (CMM UChile) educaci\u00f3n matem\u00e1tica<br \/>\nSteffen H\u00e4rtel (Fac Med UChile) inform\u00e1tica medica, im\u00e1genes, biomedicina remota<br \/>\nAlejandro Maass (CMM UChile) modelamiento sistemas biol\u00f3gicos, bioinformatica<\/td>\n<\/tr>\n<tr>\n<td>13:15-13:30<\/td>\n<td><strong>Reflexiones Finales y Palabras de Cierre<\/strong><\/td>\n<\/tr>\n<tr>\n<td><\/td>\n<td>Alejandro Jofr\u00e9 y Jorge Flies<\/td>\n<\/tr>\n<\/tbody>\n<\/table>\n<p>Versi\u00f3n 7.1 &#8211; 26 Ene 2015<\/p>\n","protected":false},"excerpt":{"rendered":"<p>Jornada Tecnol\u00f3gica de Magallanes 2015: Nuevas oportunidades de desarrollo abiertas por la red fot\u00f3nica de la fibra \u00f3ptica austral Punta Arenas, Chile Martes 27 Enero 2015 8:30-13:30 Auditorium, Instituto Ant\u00e1rtico Chileno Co-Chairs: Jorge Flies (Intendente Regi\u00f3n de Magallanes y Ant\u00e1rtica Chilena) Eduardo Vera (CMM, Universidad de Chile) 08:30-09:00 Inscripci\u00f3n 09:00-09:15 Palabras de Bienvenida y Reflexiones &hellip; <a href=\"https:\/\/dev.eventos.cmm.uchile.cl\/patagonia2015\/magallanes\/programa\/\" class=\"more-link\">Seguir leyendo <span class=\"screen-reader-text\">Programa Magallanes<\/span> <span class=\"meta-nav\">&rarr;<\/span><\/a><\/p>\n","protected":false},"author":2,"featured_media":0,"parent":10,"menu_order":0,"comment_status":"closed","ping_status":"closed","template":"","meta":{"inline_featured_image":false,"footnotes":""},"class_list":["post-23","page","type-page","status-publish","hentry"],"_links":{"self":[{"href":"https:\/\/dev.eventos.cmm.uchile.cl\/patagonia2015\/wp-json\/wp\/v2\/pages\/23","targetHints":{"allow":["GET"]}}],"collection":[{"href":"https:\/\/dev.eventos.cmm.uchile.cl\/patagonia2015\/wp-json\/wp\/v2\/pages"}],"about":[{"href":"https:\/\/dev.eventos.cmm.uchile.cl\/patagonia2015\/wp-json\/wp\/v2\/types\/page"}],"author":[{"embeddable":true,"href":"https:\/\/dev.eventos.cmm.uchile.cl\/patagonia2015\/wp-json\/wp\/v2\/users\/2"}],"replies":[{"embeddable":true,"href":"https:\/\/dev.eventos.cmm.uchile.cl\/patagonia2015\/wp-json\/wp\/v2\/comments?post=23"}],"version-history":[{"count":6,"href":"https:\/\/dev.eventos.cmm.uchile.cl\/patagonia2015\/wp-json\/wp\/v2\/pages\/23\/revisions"}],"predecessor-version":[{"id":35,"href":"https:\/\/dev.eventos.cmm.uchile.cl\/patagonia2015\/wp-json\/wp\/v2\/pages\/23\/revisions\/35"}],"up":[{"embeddable":true,"href":"https:\/\/dev.eventos.cmm.uchile.cl\/patagonia2015\/wp-json\/wp\/v2\/pages\/10"}],"wp:attachment":[{"href":"https:\/\/dev.eventos.cmm.uchile.cl\/patagonia2015\/wp-json\/wp\/v2\/media?parent=23"}],"curies":[{"name":"wp","href":"https:\/\/api.w.org\/{rel}","templated":true}]}}