{"id":100,"date":"2022-04-06T15:49:10","date_gmt":"2022-04-06T19:49:10","guid":{"rendered":"https:\/\/dev.eventos.cmm.uchile.cl\/pdeseminar\/?page_id=100"},"modified":"2022-06-16T18:11:35","modified_gmt":"2022-06-16T22:11:35","slug":"past-seminars","status":"publish","type":"page","link":"https:\/\/dev.eventos.cmm.uchile.cl\/pdeseminar\/past-seminars\/","title":{"rendered":"Past seminars"},"content":{"rendered":"<ul class=\"lcp_catlist\" id=\"lcp_instance_0\"><li><h2><a href=\"https:\/\/dev.eventos.cmm.uchile.cl\/pdeseminar\/2024\/01\/asymptotic-stability-of-small-solitary-waves-for-the-one-dimensional-cubic-quintic-schrodinger-equation\/\">Asymptotic stability of small solitary waves for the one-dimensional cubic-quintic Schr\u00f6dinger equation<\/a><\/h2><div class=\"catlist-fecha\">January 16, 2024 at 12:00 hs.<\/div><div class=\"lcp_excerpt\">Yvan Martel (UVSQ, France)\n<\/div><a href=\"https:\/\/dev.eventos.cmm.uchile.cl\/pdeseminar\/2024\/01\/asymptotic-stability-of-small-solitary-waves-for-the-one-dimensional-cubic-quintic-schrodinger-equation\/\">Read more<\/a><\/li><li><h2><a href=\"https:\/\/dev.eventos.cmm.uchile.cl\/pdeseminar\/2024\/01\/a-qualitative-analysis-of-an-a%ce%b2-monomer-model-with-inflammation-processes-for-alzheimers-disease\/\">A qualitative analysis of an A\u03b2-monomer model with inflammation processes for Alzheimer&#8217;s disease<\/a><\/h2><div class=\"catlist-fecha\">January 15, 2024 at 12:00 hs<\/div><div class=\"lcp_excerpt\">Nicol\u00e1s Torres (U de Granada, Spain)\n<\/div><a href=\"https:\/\/dev.eventos.cmm.uchile.cl\/pdeseminar\/2024\/01\/a-qualitative-analysis-of-an-a%ce%b2-monomer-model-with-inflammation-processes-for-alzheimers-disease\/\">Read more<\/a><\/li><li><h2><a href=\"https:\/\/dev.eventos.cmm.uchile.cl\/pdeseminar\/2023\/12\/undestanding-the-aps-boundary-condition-for-the-zero-modes-of-the-dirac-operator\/\">Undestanding the APS boundary condition for the zero modes of the Dirac operator<\/a><\/h2><div class=\"catlist-fecha\">December 11, 2023 at 12:00 hs<\/div><div class=\"lcp_excerpt\">Marie Fialov\u00e1 (IST Austria)\n<\/div><a href=\"https:\/\/dev.eventos.cmm.uchile.cl\/pdeseminar\/2023\/12\/undestanding-the-aps-boundary-condition-for-the-zero-modes-of-the-dirac-operator\/\">Read more<\/a><\/li><li><h2><a href=\"https:\/\/dev.eventos.cmm.uchile.cl\/pdeseminar\/2023\/11\/singular-limits-arising-in-mechanical-models-of-tumor-growth\/\">Singular limits arising in mechanical models of tumor growth<\/a><\/h2><div class=\"catlist-fecha\">December 4, 2023 at 12:00 hs.<\/div><div class=\"lcp_excerpt\">Noemi David (UCBL, France)\n<\/div><a href=\"https:\/\/dev.eventos.cmm.uchile.cl\/pdeseminar\/2023\/11\/singular-limits-arising-in-mechanical-models-of-tumor-growth\/\">Read more<\/a><\/li><li><h2><a href=\"https:\/\/dev.eventos.cmm.uchile.cl\/pdeseminar\/2023\/11\/stability-and-instability-for-the-fractional-kdv-equation-in-all-spatial-dimensions\/\">Stability and instability for the fractional KdV equation in all spatial dimensions<\/a><\/h2><div class=\"catlist-fecha\">November 27, 2023 at 12:00 hs.<\/div><div class=\"lcp_excerpt\">Oscar Ria\u00f1o (Unal, Bogot\u00e1)\n<\/div><a href=\"https:\/\/dev.eventos.cmm.uchile.cl\/pdeseminar\/2023\/11\/stability-and-instability-for-the-fractional-kdv-equation-in-all-spatial-dimensions\/\">Read more<\/a><\/li><li><h2><a href=\"https:\/\/dev.eventos.cmm.uchile.cl\/pdeseminar\/2023\/11\/approximate-and-partial-symmetries-in-deep-learning\/\">Approximate and partial symmetries in Deep Learning<\/a><\/h2><div class=\"catlist-fecha\">November 21, 2023 at 12:00 am<\/div><div class=\"lcp_excerpt\">Mircea Petrache (PUC)\n<\/div><a href=\"https:\/\/dev.eventos.cmm.uchile.cl\/pdeseminar\/2023\/11\/approximate-and-partial-symmetries-in-deep-learning\/\">Read more<\/a><\/li><li><h2><a href=\"https:\/\/dev.eventos.cmm.uchile.cl\/pdeseminar\/2023\/10\/desde-las-edp-a-la-educacion\/\">Desde las EDP a la educaci\u00f3n<\/a><\/h2><div class=\"catlist-fecha\">November 6th, 2023 at 12:00 hs.<\/div><div class=\"lcp_excerpt\">Patricio Felmer (DIM-CMM)\n<\/div><a href=\"https:\/\/dev.eventos.cmm.uchile.cl\/pdeseminar\/2023\/10\/desde-las-edp-a-la-educacion\/\">Read more<\/a><\/li><li><h2><a href=\"https:\/\/dev.eventos.cmm.uchile.cl\/pdeseminar\/2023\/10\/the-soliton-problem-for-water-waves-models-with-a-varying-medium\/\">The soliton problem for water waves models with a varying medium<\/a><\/h2><div class=\"catlist-fecha\">October 10th, 2023 at 12:00 hs.<\/div><div class=\"lcp_excerpt\">Mar\u00eda Eugenia Mart\u00ednez (Universit\u00e9 Lyon 1)\n<\/div><a href=\"https:\/\/dev.eventos.cmm.uchile.cl\/pdeseminar\/2023\/10\/the-soliton-problem-for-water-waves-models-with-a-varying-medium\/\">Read more<\/a><\/li><li><h2><a href=\"https:\/\/dev.eventos.cmm.uchile.cl\/pdeseminar\/2023\/10\/title-to-be-confirmed\/\">Sphere Packings with Forbidden Distances<\/a><\/h2><div class=\"catlist-fecha\">October 23rd, 2023 at 12:00 hs.<\/div><div class=\"lcp_excerpt\">Felipe Gon\u00e7alves\u00a0(IMPA, Brasil)\n<\/div><a href=\"https:\/\/dev.eventos.cmm.uchile.cl\/pdeseminar\/2023\/10\/title-to-be-confirmed\/\">Read more<\/a><\/li><li><h2><a href=\"https:\/\/dev.eventos.cmm.uchile.cl\/pdeseminar\/2023\/10\/a-gluing-construction-of-singular-solutions-for-a-fully-non-linear-equation-in-conformal-geometry\/\">A gluing construction of singular solutions for a fully non-linear equation in conformal geometry<\/a><\/h2><div class=\"catlist-fecha\">October 16th, 2023 at 12:00 hs.<\/div><div class=\"lcp_excerpt\">Maria Fernanda Espinal Florez (PUC, Chile)\n<\/div><a href=\"https:\/\/dev.eventos.cmm.uchile.cl\/pdeseminar\/2023\/10\/a-gluing-construction-of-singular-solutions-for-a-fully-non-linear-equation-in-conformal-geometry\/\">Read more<\/a><\/li><\/ul><ul class='lcp_paginator'><li class='lcp_currentpage'>1<\/li><li><a href='https:\/\/dev.eventos.cmm.uchile.cl\/pdeseminar\/wp-json\/wp\/v2\/pages\/100?lcp_page0=2#lcp_instance_0' title='2'>2<\/a><\/li><li><a href='https:\/\/dev.eventos.cmm.uchile.cl\/pdeseminar\/wp-json\/wp\/v2\/pages\/100?lcp_page0=3#lcp_instance_0' title='3'>3<\/a><\/li><li><a href='https:\/\/dev.eventos.cmm.uchile.cl\/pdeseminar\/wp-json\/wp\/v2\/pages\/100?lcp_page0=4#lcp_instance_0' title='4'>4<\/a><\/li><li><a href='https:\/\/dev.eventos.cmm.uchile.cl\/pdeseminar\/wp-json\/wp\/v2\/pages\/100?lcp_page0=5#lcp_instance_0' title='5'>5<\/a><\/li><li><a href='https:\/\/dev.eventos.cmm.uchile.cl\/pdeseminar\/wp-json\/wp\/v2\/pages\/100?lcp_page0=6#lcp_instance_0' title='6'>6<\/a><\/li><span class='lcp_elipsis'>...<\/span><li><a href='https:\/\/dev.eventos.cmm.uchile.cl\/pdeseminar\/wp-json\/wp\/v2\/pages\/100?lcp_page0=8#lcp_instance_0' title='8'>8<\/a><\/li><li><a href='https:\/\/dev.eventos.cmm.uchile.cl\/pdeseminar\/wp-json\/wp\/v2\/pages\/100?lcp_page0=2#lcp_instance_0' title='2' class='lcp_nextlink'>\u25b6\ufe0e<\/a><\/li><\/ul>\n","protected":false},"excerpt":{"rendered":"","protected":false},"author":2,"featured_media":0,"parent":0,"menu_order":0,"comment_status":"closed","ping_status":"closed","template":"","meta":{"inline_featured_image":false,"footnotes":""},"class_list":["post-100","page","type-page","status-publish","hentry"],"_links":{"self":[{"href":"https:\/\/dev.eventos.cmm.uchile.cl\/pdeseminar\/wp-json\/wp\/v2\/pages\/100","targetHints":{"allow":["GET"]}}],"collection":[{"href":"https:\/\/dev.eventos.cmm.uchile.cl\/pdeseminar\/wp-json\/wp\/v2\/pages"}],"about":[{"href":"https:\/\/dev.eventos.cmm.uchile.cl\/pdeseminar\/wp-json\/wp\/v2\/types\/page"}],"author":[{"embeddable":true,"href":"https:\/\/dev.eventos.cmm.uchile.cl\/pdeseminar\/wp-json\/wp\/v2\/users\/2"}],"replies":[{"embeddable":true,"href":"https:\/\/dev.eventos.cmm.uchile.cl\/pdeseminar\/wp-json\/wp\/v2\/comments?post=100"}],"version-history":[{"count":5,"href":"https:\/\/dev.eventos.cmm.uchile.cl\/pdeseminar\/wp-json\/wp\/v2\/pages\/100\/revisions"}],"predecessor-version":[{"id":245,"href":"https:\/\/dev.eventos.cmm.uchile.cl\/pdeseminar\/wp-json\/wp\/v2\/pages\/100\/revisions\/245"}],"wp:attachment":[{"href":"https:\/\/dev.eventos.cmm.uchile.cl\/pdeseminar\/wp-json\/wp\/v2\/media?parent=100"}],"curies":[{"name":"wp","href":"https:\/\/api.w.org\/{rel}","templated":true}]}}